{"id":15860,"date":"2024-03-10T08:15:27","date_gmt":"2024-03-10T08:15:27","guid":{"rendered":"https:\/\/thassosimmobilienrealestate.gr\/dienst\/"},"modified":"2024-12-02T13:46:14","modified_gmt":"2024-12-02T13:46:14","slug":"dienst","status":"publish","type":"page","link":"https:\/\/thassosimmobilienrealestate.gr\/de\/dienst\/","title":{"rendered":"Service"},"content":{"rendered":"\n<p style=\"font-size:30px\"><strong>Ihr Traum vom eigenen Haus auf Thassos &#8211; wir machen ihn m\u00f6glich.<\/strong><\/p>\n\n<p id=\"goldenvisa\" style=\"line-height:2\">Der Kauf einer Immobilie ist eine der wichtigsten Entscheidungen im Leben.<br\/>Wir bei ThassosImmobilien m\u00f6chten, dass Sie sich dabei rundum wohl f\u00fchlen. <br\/>Deshalb bieten wir Ihnen einen umfassenden Service, der weit \u00fcber den eigentlichen Kauf hinausgeht.<\/p>\n\n<ul class=\"wp-block-list\">\n<li class=\"ticss-b7a7ef76\" style=\"padding-top:var(--wp--preset--spacing--40);padding-bottom:var(--wp--preset--spacing--40)\"><strong>Pers\u00f6nliche Beratung<\/strong> <br\/>Wir nehmen uns Zeit f\u00fcr Ihre individuellen W\u00fcnsche und Vorstellungen.<\/li>\n\n\n\n<li style=\"padding-top:var(--wp--preset--spacing--40);padding-bottom:var(--wp--preset--spacing--40)\"><strong>Professionelle Unterst\u00fctzung<\/strong> <br\/>Unser erfahrenes Team steht Ihnen bei allen Fragen zur Seite.<\/li>\n\n\n\n<li style=\"padding-top:var(--wp--preset--spacing--40);padding-bottom:var(--wp--preset--spacing--40)\"><strong>Langfristige Betreuung<\/strong> <br\/>Auch nach dem Kauf sind wir Ihr Ansprechpartner f\u00fcr alle Belange rund um Ihre Immobilie.<\/li>\n\n\n\n<li style=\"padding-top:var(--wp--preset--spacing--40);padding-bottom:var(--wp--preset--spacing--40)\"><strong>Lokales Expertise <br\/><\/strong>Seit dem Jahr 2000 wohnen wir dauerhaft auf der Insel Thassos und kennen den lokalen Immobilienmarkt.<\/li>\n\n\n\n<li style=\"padding-top:var(--wp--preset--spacing--40);padding-bottom:var(--wp--preset--spacing--40)\"><strong>Sprachliche Kompetenz<\/strong> <br\/>Wir sprechen flie\u00dfend Deutsch, Griechisch und Englisch, so dass die Kommunikation einfach und verst\u00e4ndlich verl\u00e4uft.<\/li>\n\n\n\n<li style=\"padding-top:var(--wp--preset--spacing--40);padding-bottom:var(--wp--preset--spacing--40)\"><strong>Hausmeisterdienst <br\/><\/strong>Wir unterst\u00fctzen Sie bei der Suche nach Fachkr\u00e4ften in allen Bereichen, wir k\u00fcmmern uns um Ihr Haus und Ihren Garten und wir sind Ihr Ansprechpartner f\u00fcr alle Fragen und Probleme rund um Ihr Grundst\u00fcck.<\/li>\n\n\n\n<li style=\"padding-top:var(--wp--preset--spacing--40);padding-bottom:var(--wp--preset--spacing--40)\"><strong>Immobilienverwaltung<\/strong>: <br\/>In Ihrer Abwesenheit k\u00fcmmern wir uns um die Immobilie und erledigen alle Gartenarbeiten,<br\/>Wir \u00fcbernehmen die Grundreinigung nach Ihrem Aufenthalt oder sogar vor Ihrer Ankunft, so dass Sie<br\/>sich entspannen und Ihren Urlaub genie\u00dfen k\u00f6nnen.<\/li>\n\n\n\n<li style=\"padding-top:var(--wp--preset--spacing--40);padding-bottom:var(--wp--preset--spacing--40)\"><strong>Kundenzufriedenheit<\/strong> <br\/>Die Kundenzufriedenheit ist und besonders wichtig. Wir stellen uns individuell auf jeden Kunden ein und geben unser Bestes um jeden Kunden zufrieden zustellen.<\/li>\n<\/ul>\n\n<p><\/p>\n","protected":false},"excerpt":{"rendered":"<p><strong>Hausmeisterservice <\/strong>Wir unterst\u00fctzen Sie bei der Suche nach Fachkr\u00e4ften in allen Gewerken, k\u00fcmmern uns um Haus und Garten und sind Ihr Ansprechpartner f\u00fcr alle Fragen und Probleme rund um Ihre Immobilie.<\/p>\n","protected":false},"author":4,"featured_media":0,"parent":0,"menu_order":0,"comment_status":"closed","ping_status":"closed","template":"","meta":{"_uag_custom_page_level_css":"","site-sidebar-layout":"default","site-content-layout":"","ast-site-content-layout":"default","site-content-style":"default","site-sidebar-style":"default","ast-global-header-display":"","ast-banner-title-visibility":"","ast-main-header-display":"","ast-hfb-above-header-display":"","ast-hfb-below-header-display":"","ast-hfb-mobile-header-display":"","site-post-title":"disabled","ast-breadcrumbs-content":"","ast-featured-img":"","footer-sml-layout":"","ast-disable-related-posts":"","theme-transparent-header-meta":"","adv-header-id-meta":"","stick-header-meta":"","header-above-stick-meta":"","header-main-stick-meta":"","header-below-stick-meta":"","astra-migrate-meta-layouts":"default","ast-page-background-enabled":"default","ast-page-background-meta":{"desktop":{"background-color":"","background-image":"","background-repeat":"repeat","background-position":"center center","background-size":"auto","background-attachment":"scroll","background-type":"","background-media":"","overlay-type":"","overlay-color":"","overlay-opacity":"","overlay-gradient":""},"tablet":{"background-color":"","background-image":"","background-repeat":"repeat","background-position":"center center","background-size":"auto","background-attachment":"scroll","background-type":"","background-media":"","overlay-type":"","overlay-color":"","overlay-opacity":"","overlay-gradient":""},"mobile":{"background-color":"","background-image":"","background-repeat":"repeat","background-position":"center center","background-size":"auto","background-attachment":"scroll","background-type":"","background-media":"","overlay-type":"","overlay-color":"","overlay-opacity":"","overlay-gradient":""}},"ast-content-background-meta":{"desktop":{"background-color":"var(--ast-global-color-5)","background-image":"","background-repeat":"repeat","background-position":"center center","background-size":"auto","background-attachment":"scroll","background-type":"","background-media":"","overlay-type":"","overlay-color":"","overlay-opacity":"","overlay-gradient":""},"tablet":{"background-color":"var(--ast-global-color-5)","background-image":"","background-repeat":"repeat","background-position":"center center","background-size":"auto","background-attachment":"scroll","background-type":"","background-media":"","overlay-type":"","overlay-color":"","overlay-opacity":"","overlay-gradient":""},"mobile":{"background-color":"var(--ast-global-color-5)","background-image":"","background-repeat":"repeat","background-position":"center center","background-size":"auto","background-attachment":"scroll","background-type":"","background-media":"","overlay-type":"","overlay-color":"","overlay-opacity":"","overlay-gradient":""}},"_themeisle_gutenberg_block_has_review":false,"footnotes":""},"class_list":["post-15860","page","type-page","status-publish","hentry"],"uagb_featured_image_src":{"full":false,"thumbnail":false,"medium":false,"medium_large":false,"large":false,"1536x1536":false,"2048x2048":false},"uagb_author_info":{"display_name":"Klaus Tuttlies","author_link":"https:\/\/thassosimmobilienrealestate.gr\/de\/author\/klaustuttlies\/"},"uagb_comment_info":0,"uagb_excerpt":"Hausmeisterservice Wir unterst\u00fctzen Sie bei der Suche nach Fachkr\u00e4ften in allen Gewerken, k\u00fcmmern uns um Haus und Garten und sind Ihr Ansprechpartner f\u00fcr alle Fragen und Probleme rund um Ihre Immobilie.","_links":{"self":[{"href":"https:\/\/thassosimmobilienrealestate.gr\/de\/wp-json\/wp\/v2\/pages\/15860","targetHints":{"allow":["GET"]}}],"collection":[{"href":"https:\/\/thassosimmobilienrealestate.gr\/de\/wp-json\/wp\/v2\/pages"}],"about":[{"href":"https:\/\/thassosimmobilienrealestate.gr\/de\/wp-json\/wp\/v2\/types\/page"}],"author":[{"embeddable":true,"href":"https:\/\/thassosimmobilienrealestate.gr\/de\/wp-json\/wp\/v2\/users\/4"}],"replies":[{"embeddable":true,"href":"https:\/\/thassosimmobilienrealestate.gr\/de\/wp-json\/wp\/v2\/comments?post=15860"}],"version-history":[{"count":58,"href":"https:\/\/thassosimmobilienrealestate.gr\/de\/wp-json\/wp\/v2\/pages\/15860\/revisions"}],"predecessor-version":[{"id":21346,"href":"https:\/\/thassosimmobilienrealestate.gr\/de\/wp-json\/wp\/v2\/pages\/15860\/revisions\/21346"}],"wp:attachment":[{"href":"https:\/\/thassosimmobilienrealestate.gr\/de\/wp-json\/wp\/v2\/media?parent=15860"}],"curies":[{"name":"wp","href":"https:\/\/api.w.org\/{rel}","templated":true}]}}