{"id":2918,"date":"2022-01-21T17:27:14","date_gmt":"2022-01-21T17:27:14","guid":{"rendered":"https:\/\/thassosimmobilienrealestate.gr\/2918-2\/"},"modified":"2024-04-13T04:11:20","modified_gmt":"2024-04-13T04:11:20","slug":"2918-2","status":"publish","type":"page","link":"https:\/\/thassosimmobilienrealestate.gr\/de\/2918-2\/","title":{"rendered":"Thassos"},"content":{"rendered":"\n<div class=\"wp-block-cover alignfull is-light ticss-2745b74d\" style=\"min-height:511px;aspect-ratio:unset;\"><span aria-hidden=\"true\" class=\"wp-block-cover__background has-ast-global-color-2-background-color has-background-dim-50 has-background-dim\"><\/span><img loading=\"lazy\" decoding=\"async\" width=\"1200\" height=\"1345\" class=\"wp-block-cover__image-background wp-image-2349\" alt=\"\" src=\"https:\/\/thassosimmobilienrealestate.gr\/wp-content\/uploads\/2022\/01\/\u0397-\u03b8\u03b1\u0301\u03c3\u03bf\u03c2-\u0395\u03bb\u03bb\u03b1\u0301\u03b4\u03b1-\u03c7\u03b1\u0301\u03c1\u03c4\u03b7\u03c2.jpeg\" style=\"object-position:50% 0%\" data-object-fit=\"cover\" data-object-position=\"50% 0%\" srcset=\"https:\/\/thassosimmobilienrealestate.gr\/wp-content\/uploads\/2022\/01\/\u0397-\u03b8\u03b1\u0301\u03c3\u03bf\u03c2-\u0395\u03bb\u03bb\u03b1\u0301\u03b4\u03b1-\u03c7\u03b1\u0301\u03c1\u03c4\u03b7\u03c2.jpeg 1200w, https:\/\/thassosimmobilienrealestate.gr\/wp-content\/uploads\/2022\/01\/\u0397-\u03b8\u03b1\u0301\u03c3\u03bf\u03c2-\u0395\u03bb\u03bb\u03b1\u0301\u03b4\u03b1-\u03c7\u03b1\u0301\u03c1\u03c4\u03b7\u03c2-268x300.jpeg 268w, https:\/\/thassosimmobilienrealestate.gr\/wp-content\/uploads\/2022\/01\/\u0397-\u03b8\u03b1\u0301\u03c3\u03bf\u03c2-\u0395\u03bb\u03bb\u03b1\u0301\u03b4\u03b1-\u03c7\u03b1\u0301\u03c1\u03c4\u03b7\u03c2-914x1024.jpeg 914w, https:\/\/thassosimmobilienrealestate.gr\/wp-content\/uploads\/2022\/01\/\u0397-\u03b8\u03b1\u0301\u03c3\u03bf\u03c2-\u0395\u03bb\u03bb\u03b1\u0301\u03b4\u03b1-\u03c7\u03b1\u0301\u03c1\u03c4\u03b7\u03c2-768x861.jpeg 768w\" sizes=\"auto, (max-width: 1200px) 100vw, 1200px\" \/><div class=\"wp-block-cover__inner-container is-layout-flow wp-block-cover-is-layout-flow\">\n<h1 class=\"wp-block-heading has-text-align-center has-text-color\" style=\"color:#ffffff\">Thassos<\/h1>\n\n\n\n<p><\/p>\n<\/div><\/div>\n\n<hr class=\"wp-block-separator has-text-color has-ast-global-color-5-color has-css-opacity has-ast-global-color-5-background-color has-background\"\/>\n\n<div class=\"wp-block-media-text alignfull has-media-on-the-right is-stacked-on-mobile is-vertically-aligned-center ticss-8675c100\" style=\"grid-template-columns:auto 46%\"><div class=\"wp-block-media-text__content\">\n<p><\/p>\n\n\n\n<p>Thassos gilt als ruhige Wahl f\u00fcr den Tourismus, w\u00e4hrend die Popularit\u00e4t der Insel von Jahr zu Jahr w\u00e4chst. Die Insel hat eine Fl\u00e4che von 380,1 km\u00b2 und l\u00e4sst sich bequem in jeder Ecke mit dem Auto in ca. 1 \u00bd Stunden umrunden. Der h\u00f6chste Berg von Thassos ist Ypsario, mit einer H\u00f6he von 1.205 m., und ist eine echte Attraktion f\u00fcr Wanderer, Kletterer und Mountainbiker.<\/p>\n\n\n\n<p><br\/>Etwa 13.500 Menschen leben dauerhaft auf Thassos. Kinderg\u00e4rten, medizinische Versorgung, Schulen und andere wichtige Einrichtungen mit moderner Infrastruktur sind vorhanden.<\/p>\n\n\n\n<p><br\/>Wenn Sie Ruhe und Abgeschiedenheit lieben und dennoch auf gutes Essen, Nachtleben und kulturelle Veranstaltungen nicht verzichten m\u00f6chten, ist Thassos der ideale Ort f\u00fcr Sie. Mit ihrer bezaubernden Natur, den vielen arch\u00e4ologischen Sch\u00e4tzen, den wunderbaren Wanderwegen, den ausgezeichneten Tavernen, den einsamen Buchten und den traumhaften Str\u00e4nden bietet die Insel was das Herz begehrt.<\/p>\n\n\n\n<p><br\/>Der einfachste Weg, um nach Thassos zu gelangen, f\u00fchrt \u00fcber den Flughafen Kavala oder den Flughafen Thessaloniki. Von Keramoti (nur wenige Minuten vom Flughafen Kavala entfernt) k\u00f6nnen Sie die F\u00e4hre nach Thassos nehmen. Das Festland ist also nicht weit entfernt und die An- und Abreise ist recht einfach. Mit etwas Gl\u00fcck k\u00f6nnen Sie unterwegs Delfine beobachten oder die M\u00f6wen f\u00fcttern, die das Schiff begleiten.<\/p>\n\n\n\n<p><br\/>Neben den gastfreundlichen Einheimischen finden Sie auf Thassos einige Einwanderer aus Deutschland, Gro\u00dfbritannien, Belgien und den Niederlanden, die diese sch\u00f6ne Insel auf eigene Faust entdeckt haben oder dort ihren Lebensabend genie\u00dfen.<\/p>\n\n\n\n<p><br\/>Wenn Sie noch nicht auf Thassos waren, besuchen Sie uns und lassen Sie sich von der Sch\u00f6nheit der Insel verzaubern!<\/p>\n<\/div><figure class=\"wp-block-media-text__media\"><img decoding=\"async\" src=\"http:\/\/thassosimmobilienrealestate.gr\/wp-content\/uploads\/2022\/01\/0866bd5f-ecd9-45dd-832d-4437bdec2c42-1024x682.jpeg\" alt=\"Thassos\" class=\"wp-image-2361 size-full\"\/><\/figure><\/div>\n","protected":false},"excerpt":{"rendered":"<p>Thassos gilt als ruhige Wahl f\u00fcr den Tourismus, w\u00e4hrend die Popularit\u00e4t der Insel von Jahr zu Jahr w\u00e4chst. Die Insel hat eine Fl\u00e4che von 380,1 km\u00b2 und l\u00e4sst sich bequem in jeder Ecke mit dem Auto in ca. 1 \u00bd Stunden umrunden. Der h\u00f6chste Berg von Thassos ist Ypsario, mit einer H\u00f6he von 1.205 m., [&hellip;]<\/p>\n","protected":false},"author":1,"featured_media":0,"parent":0,"menu_order":0,"comment_status":"closed","ping_status":"closed","template":"","meta":{"_uag_custom_page_level_css":"","site-sidebar-layout":"default","site-content-layout":"plain-container","ast-site-content-layout":"normal-width-container","site-content-style":"unboxed","site-sidebar-style":"unboxed","ast-global-header-display":"","ast-banner-title-visibility":"","ast-main-header-display":"","ast-hfb-above-header-display":"","ast-hfb-below-header-display":"","ast-hfb-mobile-header-display":"","site-post-title":"disabled","ast-breadcrumbs-content":"","ast-featured-img":"","footer-sml-layout":"","ast-disable-related-posts":"","theme-transparent-header-meta":"enabled","adv-header-id-meta":"","stick-header-meta":"","header-above-stick-meta":"","header-main-stick-meta":"","header-below-stick-meta":"","astra-migrate-meta-layouts":"default","ast-page-background-enabled":"default","ast-page-background-meta":{"desktop":{"background-color":"","background-image":"","background-repeat":"repeat","background-position":"center center","background-size":"auto","background-attachment":"scroll","background-type":"","background-media":"","overlay-type":"","overlay-color":"","overlay-opacity":"","overlay-gradient":""},"tablet":{"background-color":"","background-image":"","background-repeat":"repeat","background-position":"center center","background-size":"auto","background-attachment":"scroll","background-type":"","background-media":"","overlay-type":"","overlay-color":"","overlay-opacity":"","overlay-gradient":""},"mobile":{"background-color":"","background-image":"","background-repeat":"repeat","background-position":"center center","background-size":"auto","background-attachment":"scroll","background-type":"","background-media":"","overlay-type":"","overlay-color":"","overlay-opacity":"","overlay-gradient":""}},"ast-content-background-meta":{"desktop":{"background-color":"var(--ast-global-color-5)","background-image":"","background-repeat":"repeat","background-position":"center center","background-size":"auto","background-attachment":"scroll","background-type":"","background-media":"","overlay-type":"","overlay-color":"","overlay-opacity":"","overlay-gradient":""},"tablet":{"background-color":"var(--ast-global-color-5)","background-image":"","background-repeat":"repeat","background-position":"center center","background-size":"auto","background-attachment":"scroll","background-type":"","background-media":"","overlay-type":"","overlay-color":"","overlay-opacity":"","overlay-gradient":""},"mobile":{"background-color":"var(--ast-global-color-5)","background-image":"","background-repeat":"repeat","background-position":"center center","background-size":"auto","background-attachment":"scroll","background-type":"","background-media":"","overlay-type":"","overlay-color":"","overlay-opacity":"","overlay-gradient":""}},"_themeisle_gutenberg_block_has_review":false,"footnotes":""},"class_list":["post-2918","page","type-page","status-publish","hentry"],"uagb_featured_image_src":{"full":false,"thumbnail":false,"medium":false,"medium_large":false,"large":false,"1536x1536":false,"2048x2048":false},"uagb_author_info":{"display_name":"iliaskroupas","author_link":"https:\/\/thassosimmobilienrealestate.gr\/de\/author\/iliaskroupas\/"},"uagb_comment_info":0,"uagb_excerpt":"Thassos gilt als ruhige Wahl f\u00fcr den Tourismus, w\u00e4hrend die Popularit\u00e4t der Insel von Jahr zu Jahr w\u00e4chst. Die Insel hat eine Fl\u00e4che von 380,1 km\u00b2 und l\u00e4sst sich bequem in jeder Ecke mit dem Auto in ca. 1 \u00bd Stunden umrunden. Der h\u00f6chste Berg von Thassos ist Ypsario, mit einer H\u00f6he von 1.205 m.,&hellip;","_links":{"self":[{"href":"https:\/\/thassosimmobilienrealestate.gr\/de\/wp-json\/wp\/v2\/pages\/2918","targetHints":{"allow":["GET"]}}],"collection":[{"href":"https:\/\/thassosimmobilienrealestate.gr\/de\/wp-json\/wp\/v2\/pages"}],"about":[{"href":"https:\/\/thassosimmobilienrealestate.gr\/de\/wp-json\/wp\/v2\/types\/page"}],"author":[{"embeddable":true,"href":"https:\/\/thassosimmobilienrealestate.gr\/de\/wp-json\/wp\/v2\/users\/1"}],"replies":[{"embeddable":true,"href":"https:\/\/thassosimmobilienrealestate.gr\/de\/wp-json\/wp\/v2\/comments?post=2918"}],"version-history":[{"count":15,"href":"https:\/\/thassosimmobilienrealestate.gr\/de\/wp-json\/wp\/v2\/pages\/2918\/revisions"}],"predecessor-version":[{"id":16793,"href":"https:\/\/thassosimmobilienrealestate.gr\/de\/wp-json\/wp\/v2\/pages\/2918\/revisions\/16793"}],"wp:attachment":[{"href":"https:\/\/thassosimmobilienrealestate.gr\/de\/wp-json\/wp\/v2\/media?parent=2918"}],"curies":[{"name":"wp","href":"https:\/\/api.w.org\/{rel}","templated":true}]}}