{"id":15862,"date":"2024-03-10T08:15:27","date_gmt":"2024-03-10T08:15:27","guid":{"rendered":"https:\/\/thassosimmobilienrealestate.gr\/serviciul\/"},"modified":"2024-12-02T13:58:27","modified_gmt":"2024-12-02T13:58:27","slug":"serviciul","status":"publish","type":"page","link":"https:\/\/thassosimmobilienrealestate.gr\/ro\/serviciul\/","title":{"rendered":"serviciu"},"content":{"rendered":"\n<p style=\"font-size:30px\"><strong>Visul dumneavoastr\u0103 de a de\u021bine o cas\u0103 \u00een Thassos &#8211; noi \u00eel facem posibil.<\/strong><\/p>\n\n<p id=\"goldenvisa\" style=\"line-height:2\">Cump\u0103rarea unei propriet\u0103\u021bi este una dintre cele mai importante decizii din via\u021b\u0103.<br\/>Noi, cei de la ThassosImmobilien, dorim s\u0103 v\u0103 sim\u021bi\u021bi complet confortabil.  <br\/>De aceea, v\u0103 oferim un serviciu cuprinz\u0103tor care merge mult dincolo de pia\u021ba actual\u0103.<\/p>\n\n<ul class=\"wp-block-list\">\n<li class=\"ticss-b7a7ef76\" style=\"padding-top:var(--wp--preset--spacing--40);padding-bottom:var(--wp--preset--spacing--40)\"><strong>Consiliere personal\u0103 <br\/><\/strong>Ne acord\u0103m timp pentru dorin\u021bele \u0219i ideile dumneavoastr\u0103 individuale.<\/li>\n\n\n\n<li style=\"padding-top:var(--wp--preset--spacing--40);padding-bottom:var(--wp--preset--spacing--40)\"><strong>Asisten\u021b\u0103 profesional\u0103<\/strong> <br\/>Echipa noastr\u0103 experimentat\u0103 v\u0103 st\u0103 la dispozi\u021bie pentru a r\u0103spunde la orice \u00eentreb\u0103ri.<\/li>\n\n\n\n<li style=\"padding-top:var(--wp--preset--spacing--40);padding-bottom:var(--wp--preset--spacing--40)\"><strong>Asisten\u021b\u0103 pe termen lung<\/strong> <br\/>Chiar \u0219i dup\u0103 cump\u0103rare, suntem persoana dumneavoastr\u0103 de contact pentru toate problemele legate de proprietatea dumneavoastr\u0103.<\/li>\n\n\n\n<li style=\"padding-top:var(--wp--preset--spacing--40);padding-bottom:var(--wp--preset--spacing--40)\"><strong>Know-how local<\/strong> <br\/>Locuim pe insul\u0103 din 2000 \u0219i cunoa\u0219tem pia\u021ba imobiliar\u0103 local\u0103.<\/li>\n\n\n\n<li style=\"padding-top:var(--wp--preset--spacing--40);padding-bottom:var(--wp--preset--spacing--40)\"><strong>Competen\u021be lingvistice<\/strong> <br\/>Vorbim fluent germana, greaca \u0219i engleza, astfel \u00eenc\u00e2t comunicarea este u\u0219oar\u0103 \u0219i u\u0219or de \u00een\u021beles.<\/li>\n\n\n\n<li style=\"padding-top:var(--wp--preset--spacing--40);padding-bottom:var(--wp--preset--spacing--40)\"><strong>Serviciul de \u00eengrijire<\/strong><br\/>V\u0103 ajut\u0103m s\u0103 g\u0103si\u021bi exper\u021bi \u00een toate domeniile, avem grij\u0103 de casa \u0219i gr\u0103dina dumneavoastr\u0103 \u0219i suntem persoana dumneavoastr\u0103 de contact pentru toate \u00eentreb\u0103rile \u0219i problemele legate de proprietatea dumneavoastr\u0103.<\/li>\n\n\n\n<li style=\"padding-top:var(--wp--preset--spacing--40);padding-bottom:var(--wp--preset--spacing--40)\"><strong>Gestionarea propriet\u0103\u021bii:<\/strong> <br\/>\u00cen absen\u021ba dumneavoastr\u0103, vom avea grij\u0103 de proprietate \u0219i vom face toate lucr\u0103rile de gr\u0103din\u0103rit, vom efectua cur\u0103\u021benia de baz\u0103 dup\u0103 \u0219ederea dumneavoastr\u0103 sau \u00eenainte de sosirea dumneavoastr\u0103, astfel \u00eenc\u00e2t s\u0103 v\u0103 pute\u021bi relaxa \u0219i bucura de vacan\u021b\u0103.<\/li>\n\n\n\n<li style=\"padding-top:var(--wp--preset--spacing--40);padding-bottom:var(--wp--preset--spacing--40)\"><strong>Satisfac\u021bia clien\u021bilor<\/strong><br\/>Satisfac\u021bia clien\u021bilor este \u0219i este foarte important\u0103. Ne adapt\u0103m fiec\u0103rui client \u00een parte \u0219i facem tot posibilul s\u0103 \u00eel satisfacem pe fiecare.<\/li>\n<\/ul>\n\n<p><\/p>\n","protected":false},"excerpt":{"rendered":"<p><strong>Serviciu de \u00eengrijitor<\/strong> V\u0103 sprijinim \u00een c\u0103utarea de muncitori califica\u021bi \u00een toate meseriile, avem grij\u0103 de casa \u0219i gr\u0103dina dumneavoastr\u0103 \u0219i suntem persoana dumneavoastr\u0103 de contact pentru toate \u00eentreb\u0103rile \u0219i problemele legate de proprietatea dumneavoastr\u0103.<\/p>\n","protected":false},"author":4,"featured_media":0,"parent":0,"menu_order":0,"comment_status":"closed","ping_status":"closed","template":"","meta":{"_uag_custom_page_level_css":"","site-sidebar-layout":"default","site-content-layout":"","ast-site-content-layout":"default","site-content-style":"default","site-sidebar-style":"default","ast-global-header-display":"","ast-banner-title-visibility":"","ast-main-header-display":"","ast-hfb-above-header-display":"","ast-hfb-below-header-display":"","ast-hfb-mobile-header-display":"","site-post-title":"disabled","ast-breadcrumbs-content":"","ast-featured-img":"","footer-sml-layout":"","ast-disable-related-posts":"","theme-transparent-header-meta":"","adv-header-id-meta":"","stick-header-meta":"","header-above-stick-meta":"","header-main-stick-meta":"","header-below-stick-meta":"","astra-migrate-meta-layouts":"default","ast-page-background-enabled":"default","ast-page-background-meta":{"desktop":{"background-color":"","background-image":"","background-repeat":"repeat","background-position":"center center","background-size":"auto","background-attachment":"scroll","background-type":"","background-media":"","overlay-type":"","overlay-color":"","overlay-opacity":"","overlay-gradient":""},"tablet":{"background-color":"","background-image":"","background-repeat":"repeat","background-position":"center center","background-size":"auto","background-attachment":"scroll","background-type":"","background-media":"","overlay-type":"","overlay-color":"","overlay-opacity":"","overlay-gradient":""},"mobile":{"background-color":"","background-image":"","background-repeat":"repeat","background-position":"center center","background-size":"auto","background-attachment":"scroll","background-type":"","background-media":"","overlay-type":"","overlay-color":"","overlay-opacity":"","overlay-gradient":""}},"ast-content-background-meta":{"desktop":{"background-color":"var(--ast-global-color-5)","background-image":"","background-repeat":"repeat","background-position":"center center","background-size":"auto","background-attachment":"scroll","background-type":"","background-media":"","overlay-type":"","overlay-color":"","overlay-opacity":"","overlay-gradient":""},"tablet":{"background-color":"var(--ast-global-color-5)","background-image":"","background-repeat":"repeat","background-position":"center center","background-size":"auto","background-attachment":"scroll","background-type":"","background-media":"","overlay-type":"","overlay-color":"","overlay-opacity":"","overlay-gradient":""},"mobile":{"background-color":"var(--ast-global-color-5)","background-image":"","background-repeat":"repeat","background-position":"center center","background-size":"auto","background-attachment":"scroll","background-type":"","background-media":"","overlay-type":"","overlay-color":"","overlay-opacity":"","overlay-gradient":""}},"_themeisle_gutenberg_block_has_review":false,"footnotes":""},"class_list":["post-15862","page","type-page","status-publish","hentry"],"uagb_featured_image_src":{"full":false,"thumbnail":false,"medium":false,"medium_large":false,"large":false,"1536x1536":false,"2048x2048":false},"uagb_author_info":{"display_name":"Klaus Tuttlies","author_link":"https:\/\/thassosimmobilienrealestate.gr\/ro\/author\/klaustuttlies\/"},"uagb_comment_info":0,"uagb_excerpt":"Serviciu de \u00eengrijitor V\u0103 sprijinim \u00een c\u0103utarea de muncitori califica\u021bi \u00een toate meseriile, avem grij\u0103 de casa \u0219i gr\u0103dina dumneavoastr\u0103 \u0219i suntem persoana dumneavoastr\u0103 de contact pentru toate \u00eentreb\u0103rile \u0219i problemele legate de proprietatea dumneavoastr\u0103.","_links":{"self":[{"href":"https:\/\/thassosimmobilienrealestate.gr\/ro\/wp-json\/wp\/v2\/pages\/15862","targetHints":{"allow":["GET"]}}],"collection":[{"href":"https:\/\/thassosimmobilienrealestate.gr\/ro\/wp-json\/wp\/v2\/pages"}],"about":[{"href":"https:\/\/thassosimmobilienrealestate.gr\/ro\/wp-json\/wp\/v2\/types\/page"}],"author":[{"embeddable":true,"href":"https:\/\/thassosimmobilienrealestate.gr\/ro\/wp-json\/wp\/v2\/users\/4"}],"replies":[{"embeddable":true,"href":"https:\/\/thassosimmobilienrealestate.gr\/ro\/wp-json\/wp\/v2\/comments?post=15862"}],"version-history":[{"count":41,"href":"https:\/\/thassosimmobilienrealestate.gr\/ro\/wp-json\/wp\/v2\/pages\/15862\/revisions"}],"predecessor-version":[{"id":21350,"href":"https:\/\/thassosimmobilienrealestate.gr\/ro\/wp-json\/wp\/v2\/pages\/15862\/revisions\/21350"}],"wp:attachment":[{"href":"https:\/\/thassosimmobilienrealestate.gr\/ro\/wp-json\/wp\/v2\/media?parent=15862"}],"curies":[{"name":"wp","href":"https:\/\/api.w.org\/{rel}","templated":true}]}}