{"id":2172,"date":"2022-01-16T00:22:26","date_gmt":"2022-01-16T00:22:26","guid":{"rendered":"https:\/\/thassosimmobilienrealestate.gr\/despre\/"},"modified":"2022-02-04T22:52:45","modified_gmt":"2022-02-04T22:52:45","slug":"despre","status":"publish","type":"page","link":"https:\/\/thassosimmobilienrealestate.gr\/ro\/despre\/","title":{"rendered":"Despre noi"},"content":{"rendered":"\n<div class=\"wp-block-cover alignfull\" style=\"min-height:400px;aspect-ratio:unset;\"><span aria-hidden=\"true\" class=\"has-ast-global-color-2-background-color has-background-dim-50 wp-block-cover__gradient-background has-background-dim\"><\/span><img loading=\"lazy\" decoding=\"async\" width=\"1920\" height=\"1286\" class=\"wp-block-cover__image-background wp-image-1667\" alt=\"\" src=\"http:\/\/thassosimmobilienrealestate.gr\/wp-content\/uploads\/2022\/01\/thassos-island-3-1920.jpeg\" data-object-fit=\"cover\" srcset=\"https:\/\/thassosimmobilienrealestate.gr\/wp-content\/uploads\/2022\/01\/thassos-island-3-1920.jpeg 1920w, https:\/\/thassosimmobilienrealestate.gr\/wp-content\/uploads\/2022\/01\/thassos-island-3-1920-300x201.jpeg 300w, https:\/\/thassosimmobilienrealestate.gr\/wp-content\/uploads\/2022\/01\/thassos-island-3-1920-1024x686.jpeg 1024w, https:\/\/thassosimmobilienrealestate.gr\/wp-content\/uploads\/2022\/01\/thassos-island-3-1920-768x514.jpeg 768w, https:\/\/thassosimmobilienrealestate.gr\/wp-content\/uploads\/2022\/01\/thassos-island-3-1920-1536x1029.jpeg 1536w\" sizes=\"auto, (max-width: 1920px) 100vw, 1920px\" \/><div class=\"wp-block-cover__inner-container is-layout-flow wp-block-cover-is-layout-flow\">\n<p><\/p>\n\n\n\n<p><\/p>\n\n\n\n<h1 class=\"has-text-align-center has-text-color wp-block-heading\" id=\"\u03c3\u03c7\u03b5\u03c4\u03b9\u03ba\u03ac-\u03bc\u03b5-\u03b5\u03bc\u03ac\u03c2\" style=\"color:#ffffff\">Despre noi<\/h1>\n\n\n\n<h3 class=\"has-text-align-center has-text-color wp-block-heading\" id=\"\u03bf\u03b9-\u03bc\u03b5\u03c3\u03af\u03c4\u03b5\u03c2-\u03c3\u03b1\u03c2\" style=\"color:#ffffff\">Agen\u021bii dumneavoastr\u0103!<\/h3>\n\n\n\n<p><\/p>\n<\/div><\/div>\n\n\n\n<div class=\"wp-block-group alignfull is-layout-flow wp-block-group-is-layout-flow\">\n<div class=\"wp-block-image\"><figure class=\"aligncenter size-large is-resized\"><img loading=\"lazy\" decoding=\"async\" src=\"http:\/\/thassosimmobilienrealestate.gr\/wp-content\/uploads\/2022\/01\/new-quote.png\" alt=\"\" class=\"wp-image-53898\" width=\"50\" height=\"50\"\/><\/figure><\/div>\n\n\n\n<h4 class=\"has-text-align-center wp-block-heading\" id=\"\u03b5\u03af\u03bc\u03b1\u03b9-\u03bc\u03b9\u03b1-\u03ba\u03b1\u03c4\u03b1\u03c1\u03c4\u03b9\u03c3\u03bc\u03ad\u03bd\u03b7-\u03ba\u03b1\u03b9-\u03ad\u03bc\u03c0\u03b5\u03b9\u03c1\u03b7-\u03bc\u03b5\u03c3\u03af\u03c4\u03c1\u03b9\u03b1-\u03c0\u03bf\u03c5-\u03b6\u03b5\u03b9-\u03bc\u03b1\u03b6\u03af-\u03bc\u03b5-\u03c4\u03b7\u03bd-\u03bf\u03b9\u03ba\u03bf\u03b3\u03ad\u03bd\u03b5\u03b9\u03b1-\u03c4\u03b7\u03c2-\u03c3\u03c4\u03b7-\u03b8\u03ac\u03c3\u03bf-\u03b1\u03c0\u03cc-\u03c4\u03bf-2020-\u03bc\u03b5-\u03b3\u03b5\u03c1\u03bc\u03b1\u03bd\u03b9\u03ba\u03ae-\u03c3\u03c7\u03bf\u03bb\u03b1\u03c3\u03c4\u03b9\u03ba\u03cc\u03c4\u03b7\u03c4\u03b1-\u03ba\u03b1\u03b9-\u03b5\u03be\u03b5\u03b9\u03b4\u03af\u03ba\u03b5\u03c5\u03c3\u03b7-\u03bc\u03ad\u03c3\u03c9-\u03c4\u03b7\u03c2-\u03c0\u03bf\u03bb\u03cd\u03c7\u03c1\u03bf\u03bd\u03b7\u03c2-\u03b5\u03bc\u03c0\u03b5\u03b9\u03c1\u03af\u03b1\u03c2-\u03bc\u03bf\u03c5-\u03b2\u03c1\u03af\u03c3\u03ba\u03bf\u03bc\u03b1\u03b9-\u03c3\u03c4\u03b7-\u03b4\u03b9\u03ac\u03b8\u03b5\u03c3\u03b7-\u03c3\u03b1\u03c2-\u03b3\u03b9\u03b1-\u03bd\u03b1-\u03c3\u03b1\u03c2-\u03ba\u03b1\u03b8\u03bf\u03b4\u03b7\u03b3\u03ae\u03c3\u03c9-\u03b3\u03b9\u03b1-\u03ba\u03ac\u03b8\u03b5-\u03c3\u03b1\u03c2-\u03b1\u03bd\u03ac\u03b3\u03ba\u03b7-\u03c0\u03bf\u03c5-\u03b1\u03c6\u03bf\u03c1\u03ac-\u03bf\u03c0\u03bf\u03b9\u03bf\u03b4\u03ae\u03c0\u03bf\u03c4\u03b5-\u03b1\u03ba\u03af\u03bd\u03b7\u03c4\u03bf\">Sunt un agent de brokeraj instruit \u0219i experimentat care locuie\u0219te cu familia mea \u00een Thassos din 2020. Cu minu\u021biozitatea \u0219i expertiza german\u0103, cu mul\u021bi ani de experien\u021b\u0103 \u00een domeniu, v\u0103 stau la dispozi\u021bie pentru a v\u0103 ghida \u00een toate nevoile dumneavoastr\u0103 \u00een materie de imobiliare!<\/h4>\n\n\n\n<h4 class=\"has-text-align-center wp-block-heading\" id=\"lioba-sandra-ruger\">Lioba <strong>Sandra R\u00fcger<\/strong><\/h4>\n<\/div>\n\n\n\n<h2 class=\"has-text-align-center wp-block-heading\" id=\"\u03b5\u03c0\u03b9\u03ba\u03bf\u03b9\u03bd\u03c9\u03bd\u03ae\u03c3\u03c4\u03b5-\u03bc\u03b1\u03b6\u03af-\u03bc\u03b1\u03c2\">Contacta\u021bi-ne<\/h2>\n\n\n\n<ul class=\"wp-block-social-links aligncenter has-huge-icon-size is-content-justification-center is-layout-flex wp-container-core-social-links-is-layout-a89b3969 wp-block-social-links-is-layout-flex\"><li class=\"wp-social-link wp-social-link-facebook  wp-block-social-link\"><a href=\"https:\/\/www.facebook.com\/Thassos-Immobilien-Real-Estate-102732185651998\" class=\"wp-block-social-link-anchor\"><svg width=\"24\" height=\"24\" viewBox=\"0 0 24 24\" version=\"1.1\" xmlns=\"http:\/\/www.w3.org\/2000\/svg\" aria-hidden=\"true\" focusable=\"false\"><path d=\"M12 2C6.5 2 2 6.5 2 12c0 5 3.7 9.1 8.4 9.9v-7H7.9V12h2.5V9.8c0-2.5 1.5-3.9 3.8-3.9 1.1 0 2.2.2 2.2.2v2.5h-1.3c-1.2 0-1.6.8-1.6 1.6V12h2.8l-.4 2.9h-2.3v7C18.3 21.1 22 17 22 12c0-5.5-4.5-10-10-10z\"><\/path><\/svg><span class=\"wp-block-social-link-label screen-reader-text\">Facebook<\/span><\/a><\/li>\n\n<li class=\"wp-social-link wp-social-link-instagram  wp-block-social-link\"><a href=\"https:\/\/www.instagram.com\/thassosimmobilien\/\" class=\"wp-block-social-link-anchor\"><svg width=\"24\" height=\"24\" viewBox=\"0 0 24 24\" version=\"1.1\" xmlns=\"http:\/\/www.w3.org\/2000\/svg\" aria-hidden=\"true\" focusable=\"false\"><path d=\"M12,4.622c2.403,0,2.688,0.009,3.637,0.052c0.877,0.04,1.354,0.187,1.671,0.31c0.42,0.163,0.72,0.358,1.035,0.673 c0.315,0.315,0.51,0.615,0.673,1.035c0.123,0.317,0.27,0.794,0.31,1.671c0.043,0.949,0.052,1.234,0.052,3.637 s-0.009,2.688-0.052,3.637c-0.04,0.877-0.187,1.354-0.31,1.671c-0.163,0.42-0.358,0.72-0.673,1.035 c-0.315,0.315-0.615,0.51-1.035,0.673c-0.317,0.123-0.794,0.27-1.671,0.31c-0.949,0.043-1.233,0.052-3.637,0.052 s-2.688-0.009-3.637-0.052c-0.877-0.04-1.354-0.187-1.671-0.31c-0.42-0.163-0.72-0.358-1.035-0.673 c-0.315-0.315-0.51-0.615-0.673-1.035c-0.123-0.317-0.27-0.794-0.31-1.671C4.631,14.688,4.622,14.403,4.622,12 s0.009-2.688,0.052-3.637c0.04-0.877,0.187-1.354,0.31-1.671c0.163-0.42,0.358-0.72,0.673-1.035 c0.315-0.315,0.615-0.51,1.035-0.673c0.317-0.123,0.794-0.27,1.671-0.31C9.312,4.631,9.597,4.622,12,4.622 M12,3 C9.556,3,9.249,3.01,8.289,3.054C7.331,3.098,6.677,3.25,6.105,3.472C5.513,3.702,5.011,4.01,4.511,4.511 c-0.5,0.5-0.808,1.002-1.038,1.594C3.25,6.677,3.098,7.331,3.054,8.289C3.01,9.249,3,9.556,3,12c0,2.444,0.01,2.751,0.054,3.711 c0.044,0.958,0.196,1.612,0.418,2.185c0.23,0.592,0.538,1.094,1.038,1.594c0.5,0.5,1.002,0.808,1.594,1.038 c0.572,0.222,1.227,0.375,2.185,0.418C9.249,20.99,9.556,21,12,21s2.751-0.01,3.711-0.054c0.958-0.044,1.612-0.196,2.185-0.418 c0.592-0.23,1.094-0.538,1.594-1.038c0.5-0.5,0.808-1.002,1.038-1.594c0.222-0.572,0.375-1.227,0.418-2.185 C20.99,14.751,21,14.444,21,12s-0.01-2.751-0.054-3.711c-0.044-0.958-0.196-1.612-0.418-2.185c-0.23-0.592-0.538-1.094-1.038-1.594 c-0.5-0.5-1.002-0.808-1.594-1.038c-0.572-0.222-1.227-0.375-2.185-0.418C14.751,3.01,14.444,3,12,3L12,3z M12,7.378 c-2.552,0-4.622,2.069-4.622,4.622S9.448,16.622,12,16.622s4.622-2.069,4.622-4.622S14.552,7.378,12,7.378z M12,15 c-1.657,0-3-1.343-3-3s1.343-3,3-3s3,1.343,3,3S13.657,15,12,15z M16.804,6.116c-0.596,0-1.08,0.484-1.08,1.08 s0.484,1.08,1.08,1.08c0.596,0,1.08-0.484,1.08-1.08S17.401,6.116,16.804,6.116z\"><\/path><\/svg><span class=\"wp-block-social-link-label screen-reader-text\">Instagram<\/span><\/a><\/li>\n\n<li class=\"wp-social-link wp-social-link-mail  wp-block-social-link\"><a href=\"mailto:thassos.immobilien@gmail.de\" class=\"wp-block-social-link-anchor\"><svg width=\"24\" height=\"24\" viewBox=\"0 0 24 24\" version=\"1.1\" xmlns=\"http:\/\/www.w3.org\/2000\/svg\" aria-hidden=\"true\" focusable=\"false\"><path d=\"M19,5H5c-1.1,0-2,.9-2,2v10c0,1.1.9,2,2,2h14c1.1,0,2-.9,2-2V7c0-1.1-.9-2-2-2zm.5,12c0,.3-.2.5-.5.5H5c-.3,0-.5-.2-.5-.5V9.8l7.5,5.6,7.5-5.6V17zm0-9.1L12,13.6,4.5,7.9V7c0-.3.2-.5.5-.5h14c.3,0,.5.2.5.5v.9z\"><\/path><\/svg><span class=\"wp-block-social-link-label screen-reader-text\">Mail<\/span><\/a><\/li><\/ul>\n\n\n\n<p class=\"has-text-align-center\"><strong>E-mail: Thassos.Immobilien@gmx.de<\/strong><\/p>\n\n\n\n<p class=\"has-text-align-center\"><strong>Telefon mobil: <a href=\"tel:+306971735955\" title=\"+306971735955\">+306971735955<\/a><\/strong><\/p>\n\n\n\n<p class=\"has-text-align-center\"><strong>Telefon fix: <a href=\"tel:+302593071709\" title=\"+302593071709\">+302593071709<\/a><\/strong><\/p>\n\n\n\n<p class=\"has-text-align-center\"><strong>Whatsapp \u0219i Viber: +306971735955<\/strong><\/p>\n\n\n\n<h2 class=\"has-text-align-center wp-block-heading\" id=\"\u03c3\u03c4\u03b5\u03af\u03bb\u03c4\u03b5-\u03bc\u03b1\u03c2-\u03ad\u03bd\u03b1-\u03bc\u03ae\u03bd\u03c5\u03bc\u03b1\">Trimite\u021bi-ne un mesaj<\/h2>\n\n\n<div class=\"wpforms-container \" id=\"wpforms-3789\"><form id=\"wpforms-form-3789\" class=\"wpforms-validate wpforms-form wpforms-ajax-form\" data-formid=\"3789\" method=\"post\" enctype=\"multipart\/form-data\" action=\"\/ro\/wp-json\/wp\/v2\/pages\/2172\" data-token=\"c45affdf35c5773d98375aad17081b24\" data-token-time=\"1778085689\"><noscript class=\"wpforms-error-noscript\">Please enable JavaScript in your browser to complete this form.<\/noscript><div class=\"wpforms-field-container\"><div id=\"wpforms-3789-field_0-container\" class=\"wpforms-field wpforms-field-name\" data-field-id=\"0\"><label class=\"wpforms-field-label\" for=\"wpforms-3789-field_0\">Prenume <span class=\"wpforms-required-label\">*<\/span><\/label><input type=\"text\" id=\"wpforms-3789-field_0\" class=\"wpforms-field-medium wpforms-field-required\" name=\"wpforms[fields][0]\" required><\/div><div id=\"wpforms-3789-field_3-container\" class=\"wpforms-field wpforms-field-name\" data-field-id=\"3\"><label class=\"wpforms-field-label\" for=\"wpforms-3789-field_3\">Nume<\/label><input type=\"text\" id=\"wpforms-3789-field_3\" class=\"wpforms-field-medium\" name=\"wpforms[fields][3]\" ><\/div><div id=\"wpforms-3789-field_1-container\" class=\"wpforms-field wpforms-field-email\" data-field-id=\"1\"><label class=\"wpforms-field-label\" for=\"wpforms-3789-field_1\">E-mail <span class=\"wpforms-required-label\">*<\/span><\/label><input type=\"email\" id=\"wpforms-3789-field_1\" class=\"wpforms-field-medium wpforms-field-required\" name=\"wpforms[fields][1]\" spellcheck=\"false\" required><\/div><div id=\"wpforms-3789-field_5-container\" class=\"wpforms-field wpforms-field-name\" data-field-id=\"5\"><label class=\"wpforms-field-label\" for=\"wpforms-3789-field_5\">ID-ul propriet\u0103\u021bii <span class=\"wpforms-required-label\">*<\/span><\/label><input type=\"text\" id=\"wpforms-3789-field_5\" class=\"wpforms-field-medium wpforms-field-required\" name=\"wpforms[fields][5]\" placeholder=\"ID-obiect\" required><div class=\"wpforms-field-description\">Introduce\u021bi ID-ul obiectului aici. Pute\u021bi g\u0103si ID-ul pu\u021bin mai sus pe aceast\u0103 pagin\u0103.\nDac\u0103 ave\u021bi o \u00eentrebare general\u0103, introduce\u021bi 9999.<\/div><\/div><div id=\"wpforms-3789-field_2-container\" class=\"wpforms-field wpforms-field-textarea\" data-field-id=\"2\"><label class=\"wpforms-field-label\" for=\"wpforms-3789-field_2\">Mesaj  <span class=\"wpforms-required-label\">*<\/span><\/label><textarea id=\"wpforms-3789-field_2\" class=\"wpforms-field-medium wpforms-field-required\" name=\"wpforms[fields][2]\" required><\/textarea><\/div><div id=\"wpforms-3789-field_7-container\" class=\"wpforms-field wpforms-field-checkbox\" data-field-id=\"7\"><label class=\"wpforms-field-label\"> Consim\u021bi\u021bi ca Thassos Immobilien Real Estate s\u0103 stocheze informa\u021biile pe care le-a\u021bi trimis, astfel \u00eenc\u00e2t s\u0103 poat\u0103 r\u0103spunde la \u00eentrebarea dumneavoastr\u0103, precum \u0219i pentru actualiz\u0103ri viitoare \u0219i alte materiale. \u00cen orice moment, pute\u021bi solicita \u0219tergerea tuturor datelor dumneavoastr\u0103, trimi\u021b\u00e2ndu-ne un e-mail la Thassos.Immobilien@gmx.de.  <span class=\"wpforms-required-label\">*<\/span><\/label><ul id=\"wpforms-3789-field_7\" class=\"wpforms-field-required\"><li class=\"choice-1 depth-1\"><input type=\"checkbox\" id=\"wpforms-3789-field_7_1\" name=\"wpforms[fields][7][]\" value=\"Consim\u0163\u0103m\u00e2nt\" required ><label class=\"wpforms-field-label-inline\" for=\"wpforms-3789-field_7_1\">Consim\u0163\u0103m\u00e2nt<\/label><\/li><\/ul><\/div><\/div><!-- .wpforms-field-container --><div class=\"wpforms-submit-container\" ><input type=\"hidden\" name=\"wpforms[id]\" value=\"3789\"><input type=\"hidden\" name=\"page_title\" value=\"\"><input type=\"hidden\" name=\"page_url\" value=\"https:\/\/thassosimmobilienrealestate.gr\/ro\/wp-json\/wp\/v2\/pages\/2172\"><input type=\"hidden\" name=\"url_referer\" value=\"\"><button type=\"submit\" name=\"wpforms[submit]\" id=\"wpforms-submit-3789\" class=\"wpforms-submit\" data-alt-text=\"Misiune...\" data-submit-text=\"Trimitere\" aria-live=\"assertive\" value=\"wpforms-submit\">Trimitere<\/button><img loading=\"lazy\" decoding=\"async\" src=\"https:\/\/thassosimmobilienrealestate.gr\/wp-content\/plugins\/wpforms-lite\/assets\/images\/submit-spin.svg\" class=\"wpforms-submit-spinner\" style=\"display: none;\" width=\"26\" height=\"26\" alt=\"Loading\"><\/div><\/form><\/div>  <!-- .wpforms-container -->\n\n\n\n<p> <\/p>\n","protected":false},"excerpt":{"rendered":"<p>Sunt un agent de brokeraj instruit \u0219i experimentat care locuie\u0219te cu familia mea \u00een Thassos din 2020. Cu minu\u021biozitatea \u0219i expertiza german\u0103, cu mul\u021bi ani de experien\u021b\u0103 \u00een domeniu, v\u0103 stau la dispozi\u021bie pentru a v\u0103 ghida \u00een toate nevoile dumneavoastr\u0103 \u00een materie de imobiliare! Lioba Sandra R\u00fcger Contacta\u021bi-ne E-mail: Thassos.Immobilien@gmx.de Telefon mobil: +306971735955 Telefon [&hellip;]<\/p>\n","protected":false},"author":1,"featured_media":0,"parent":0,"menu_order":0,"comment_status":"closed","ping_status":"closed","template":"","meta":{"_uag_custom_page_level_css":"","site-sidebar-layout":"no-sidebar","site-content-layout":"plain-container","ast-site-content-layout":"normal-width-container","site-content-style":"unboxed","site-sidebar-style":"unboxed","ast-global-header-display":"","ast-banner-title-visibility":"","ast-main-header-display":"","ast-hfb-above-header-display":"","ast-hfb-below-header-display":"","ast-hfb-mobile-header-display":"","site-post-title":"disabled","ast-breadcrumbs-content":"","ast-featured-img":"disabled","footer-sml-layout":"","ast-disable-related-posts":"","theme-transparent-header-meta":"disabled","adv-header-id-meta":"","stick-header-meta":"","header-above-stick-meta":"","header-main-stick-meta":"","header-below-stick-meta":"","astra-migrate-meta-layouts":"default","ast-page-background-enabled":"default","ast-page-background-meta":{"desktop":{"background-color":"","background-image":"","background-repeat":"repeat","background-position":"center center","background-size":"auto","background-attachment":"scroll","background-type":"","background-media":"","overlay-type":"","overlay-color":"","overlay-opacity":"","overlay-gradient":""},"tablet":{"background-color":"","background-image":"","background-repeat":"repeat","background-position":"center center","background-size":"auto","background-attachment":"scroll","background-type":"","background-media":"","overlay-type":"","overlay-color":"","overlay-opacity":"","overlay-gradient":""},"mobile":{"background-color":"","background-image":"","background-repeat":"repeat","background-position":"center center","background-size":"auto","background-attachment":"scroll","background-type":"","background-media":"","overlay-type":"","overlay-color":"","overlay-opacity":"","overlay-gradient":""}},"ast-content-background-meta":{"desktop":{"background-color":"var(--ast-global-color-5)","background-image":"","background-repeat":"repeat","background-position":"center center","background-size":"auto","background-attachment":"scroll","background-type":"","background-media":"","overlay-type":"","overlay-color":"","overlay-opacity":"","overlay-gradient":""},"tablet":{"background-color":"var(--ast-global-color-5)","background-image":"","background-repeat":"repeat","background-position":"center center","background-size":"auto","background-attachment":"scroll","background-type":"","background-media":"","overlay-type":"","overlay-color":"","overlay-opacity":"","overlay-gradient":""},"mobile":{"background-color":"var(--ast-global-color-5)","background-image":"","background-repeat":"repeat","background-position":"center center","background-size":"auto","background-attachment":"scroll","background-type":"","background-media":"","overlay-type":"","overlay-color":"","overlay-opacity":"","overlay-gradient":""}},"_themeisle_gutenberg_block_has_review":false,"footnotes":""},"class_list":["post-2172","page","type-page","status-publish","hentry"],"uagb_featured_image_src":{"full":false,"thumbnail":false,"medium":false,"medium_large":false,"large":false,"1536x1536":false,"2048x2048":false},"uagb_author_info":{"display_name":"iliaskroupas","author_link":"https:\/\/thassosimmobilienrealestate.gr\/ro\/author\/iliaskroupas\/"},"uagb_comment_info":0,"uagb_excerpt":"Sunt un agent de brokeraj instruit \u0219i experimentat care locuie\u0219te cu familia mea \u00een Thassos din 2020. Cu minu\u021biozitatea \u0219i expertiza german\u0103, cu mul\u021bi ani de experien\u021b\u0103 \u00een domeniu, v\u0103 stau la dispozi\u021bie pentru a v\u0103 ghida \u00een toate nevoile dumneavoastr\u0103 \u00een materie de imobiliare! Lioba Sandra R\u00fcger Contacta\u021bi-ne E-mail: Thassos.Immobilien@gmx.de Telefon mobil: +306971735955 Telefon&hellip;","_links":{"self":[{"href":"https:\/\/thassosimmobilienrealestate.gr\/ro\/wp-json\/wp\/v2\/pages\/2172","targetHints":{"allow":["GET"]}}],"collection":[{"href":"https:\/\/thassosimmobilienrealestate.gr\/ro\/wp-json\/wp\/v2\/pages"}],"about":[{"href":"https:\/\/thassosimmobilienrealestate.gr\/ro\/wp-json\/wp\/v2\/types\/page"}],"author":[{"embeddable":true,"href":"https:\/\/thassosimmobilienrealestate.gr\/ro\/wp-json\/wp\/v2\/users\/1"}],"replies":[{"embeddable":true,"href":"https:\/\/thassosimmobilienrealestate.gr\/ro\/wp-json\/wp\/v2\/comments?post=2172"}],"version-history":[{"count":17,"href":"https:\/\/thassosimmobilienrealestate.gr\/ro\/wp-json\/wp\/v2\/pages\/2172\/revisions"}],"predecessor-version":[{"id":3871,"href":"https:\/\/thassosimmobilienrealestate.gr\/ro\/wp-json\/wp\/v2\/pages\/2172\/revisions\/3871"}],"wp:attachment":[{"href":"https:\/\/thassosimmobilienrealestate.gr\/ro\/wp-json\/wp\/v2\/media?parent=2172"}],"curies":[{"name":"wp","href":"https:\/\/api.w.org\/{rel}","templated":true}]}}